{"id":705,"date":"2026-02-22T12:47:16","date_gmt":"2026-02-22T11:47:16","guid":{"rendered":"http:\/\/localhost:8888\/animaux_chics\/?page_id=705"},"modified":"2026-04-13T18:02:00","modified_gmt":"2026-04-13T16:02:00","slug":"politique-de-confidentialite","status":"publish","type":"page","link":"https:\/\/animauxchics.fr\/index.php\/politique-de-confidentialite\/","title":{"rendered":"Politique de confidentialit\u00e9"},"content":{"rendered":"\t\t<div data-elementor-type=\"wp-page\" data-elementor-id=\"705\" class=\"elementor elementor-705\">\n\t\t\t\t<div class=\"elementor-element elementor-element-8247c40 e-flex e-con-boxed e-con e-parent\" data-id=\"8247c40\" data-element_type=\"container\" data-e-type=\"container\">\n\t\t\t\t\t<div class=\"e-con-inner\">\n\t\t\t\t<div class=\"elementor-element elementor-element-00c37db elementor-widget elementor-widget-heading\" data-id=\"00c37db\" data-element_type=\"widget\" data-e-type=\"widget\" data-widget_type=\"heading.default\">\n\t\t\t\t\t<h1 class=\"elementor-heading-title elementor-size-default\">Politique de confidentialit\u00e9<\/h1>\t\t\t\t<\/div>\n\t\t\t\t<div class=\"elementor-element elementor-element-7b31440 elementor-widget elementor-widget-text-editor\" data-id=\"7b31440\" data-element_type=\"widget\" data-e-type=\"widget\" data-widget_type=\"text-editor.default\">\n\t\t\t\t\t\t\t\t\t<h2 data-start=\"490\" data-end=\"521\">Responsable du traitement<\/h2><p data-start=\"1578\" data-end=\"1709\">Animaux Chics &#8211; Entreprise individuelle (SIREN 101 355 873)<br data-start=\"1591\" data-end=\"1594\" \/>Virginie DUCAMUS<br data-start=\"1610\" data-end=\"1613\" \/>1 rue du Ch\u00e2teau<br data-start=\"1629\" data-end=\"1632\" \/>63540 ROMAGNAT<br data-start=\"1646\" data-end=\"1649\" \/>Email : <a class=\"decorated-link cursor-pointer\" href=\"mailto:contact@animauxchics.fr\" rel=\"noopener\" data-start=\"1657\" data-end=\"1677\">contact@animauxchics.fr<\/a><br data-start=\"1677\" data-end=\"1680\" \/>T\u00e9l\u00e9phone : +33 7 59 72 60 91<\/p><h2 data-start=\"1716\" data-end=\"1740\">Donn\u00e9es collect\u00e9es<\/h2><p data-start=\"1742\" data-end=\"1857\">Dans le cadre des demandes de rendez-vous de toilettage \u00e0 domicile et d&rsquo;informations autres, les donn\u00e9es suivantes peuvent \u00eatre collect\u00e9es :<\/p><ul><li data-start=\"1861\" data-end=\"1876\">Pr\u00e9nom et nom,<\/li><li data-start=\"1879\" data-end=\"1895\">Adresse e-mail,<\/li><li data-start=\"1898\" data-end=\"1919\">Num\u00e9ro de t\u00e9l\u00e9phone,<\/li><li data-start=\"1922\" data-end=\"1944\">Ville d\u2019intervention,<\/li><li data-start=\"1947\" data-end=\"1999\">Informations relatives \u00e0 l\u2019animal (nom, \u00e2ge, race&#8230;),<\/li><li data-start=\"2002\" data-end=\"2017\">Message libre.<\/li><\/ul><p data-start=\"2019\" data-end=\"2073\">Ces donn\u00e9es sont collect\u00e9es via le formulaire du site.<\/p><h2 data-start=\"2080\" data-end=\"2108\">Finalit\u00e9 du traitement<\/h2><p data-start=\"2110\" data-end=\"2154\">Les donn\u00e9es sont utilis\u00e9es uniquement pour :<\/p><ul><li data-start=\"2158\" data-end=\"2181\">R\u00e9pondre aux demandes,<\/li><li data-start=\"2184\" data-end=\"2236\">Organiser les prestations de toilettage \u00e0 domicile,<\/li><li data-start=\"2239\" data-end=\"2267\">Planifier les d\u00e9placements.<\/li><\/ul><p data-start=\"2269\" data-end=\"2326\">Les donn\u00e9es ne sont jamais vendues ni c\u00e9d\u00e9es \u00e0 des tiers.<\/p><h2 data-start=\"2333\" data-end=\"2350\">Base l\u00e9gale<\/h2><p data-start=\"2352\" data-end=\"2378\">Le traitement repose sur :<\/p><ul><li data-start=\"2382\" data-end=\"2440\">Le consentement donn\u00e9 via la case \u00e0 cocher du formulaire.<\/li><li data-start=\"2443\" data-end=\"2483\">L\u2019ex\u00e9cution d\u2019une demande de rendez-vous.<\/li><\/ul><h2 data-start=\"2490\" data-end=\"2517\">Dur\u00e9e de conservation<\/h2><p data-start=\"2519\" data-end=\"2603\">Les donn\u00e9es sont conserv\u00e9es pour une dur\u00e9e maximale de 12 mois, puis supprim\u00e9es.<\/p><h2 data-start=\"2610\" data-end=\"2636\">S\u00e9curit\u00e9 des donn\u00e9es<\/h2><p data-start=\"2638\" data-end=\"2748\">Les donn\u00e9es sont stock\u00e9es dans la base de donn\u00e9es du site via le plugin <span class=\"hover:entity-accent entity-underline inline cursor-pointer align-baseline\"><span class=\"whitespace-normal\">Forminator<\/span><\/span>.<\/p><p data-start=\"2750\" data-end=\"2824\">Des mesures techniques sont mises en place afin d\u2019assurer leur protection.<\/p><h2 data-start=\"2831\" data-end=\"2849\">Statistiques<\/h2><p data-start=\"2851\" data-end=\"2935\">Le site utilise <span class=\"hover:entity-accent entity-underline inline cursor-pointer align-baseline\"><span class=\"whitespace-normal\">Independent Analytics<\/span><\/span> pour mesurer la fr\u00e9quentation.<\/p><ul><li data-start=\"2939\" data-end=\"2969\">Les donn\u00e9es sont anonymis\u00e9es.<\/li><li data-start=\"2972\" data-end=\"3022\">Aucun cookie marketing n\u2019est utilis\u00e9 \u00e0 cette fin.<\/li><li data-start=\"3025\" data-end=\"3080\">Aucune donn\u00e9e personnelle n\u2019est transmise \u00e0 des tiers.<\/li><\/ul><h2 data-start=\"3087\" data-end=\"3100\">Cookies<\/h2><p data-start=\"3102\" data-end=\"3183\">La gestion du consentement est assur\u00e9e par <span class=\"hover:entity-accent entity-underline inline cursor-pointer align-baseline\"><span class=\"whitespace-normal\">Complianz<\/span><\/span>.<\/p><p data-start=\"3185\" data-end=\"3297\">Certains contenus externes (ex : vid\u00e9os YouTube&#8230;) peuvent d\u00e9poser des cookies apr\u00e8s acceptation de l\u2019utilisateur.<\/p><p data-start=\"3299\" data-end=\"3364\">Pour plus d\u2019informations, consultez la page Politique de cookies.<\/p><h2 data-start=\"3371\" data-end=\"3387\">Vos droits<\/h2><p data-start=\"3389\" data-end=\"3446\">Conform\u00e9ment au RGPD, vous disposez des droits suivants :<\/p><ul><li data-start=\"3450\" data-end=\"3465\">Droit d\u2019acc\u00e8s,<\/li><li data-start=\"3468\" data-end=\"3492\">Droit de rectification,<\/li><li data-start=\"3495\" data-end=\"3517\">Droit de suppression,<\/li><li data-start=\"3520\" data-end=\"3540\">Droit d\u2019opposition.<\/li><\/ul><p data-start=\"3542\" data-end=\"3590\">Pour exercer vos droits : <a class=\"decorated-link cursor-pointer\" href=\"mailto:contact@animauxchics.fr\" rel=\"noopener\" data-start=\"1657\" data-end=\"1677\">contact@animauxchics.fr<\/a><\/p>\t\t\t\t\t\t\t\t<\/div>\n\t\t\t\t\t<\/div>\n\t\t\t\t<\/div>\n\t\t\t\t<\/div>\n\t\t","protected":false},"excerpt":{"rendered":"<p>Politique de confidentialit\u00e9 Responsable du traitement Animaux Chics &#8211; Entreprise individuelle (SIREN 101 355 873)Virginie DUCAMUS1 rue du Ch\u00e2teau63540 ROMAGNATEmail [&hellip;]<\/p>\n","protected":false},"author":1,"featured_media":0,"parent":0,"menu_order":0,"comment_status":"closed","ping_status":"closed","template":"elementor_header_footer","meta":{"site-sidebar-layout":"no-sidebar","site-content-layout":"","ast-site-content-layout":"full-width-container","site-content-style":"default","site-sidebar-style":"default","ast-global-header-display":"","ast-banner-title-visibility":"","ast-main-header-display":"","ast-hfb-above-header-display":"","ast-hfb-below-header-display":"","ast-hfb-mobile-header-display":"","site-post-title":"","ast-breadcrumbs-content":"","ast-featured-img":"disabled","footer-sml-layout":"","ast-disable-related-posts":"","theme-transparent-header-meta":"","adv-header-id-meta":"","stick-header-meta":"","header-above-stick-meta":"","header-main-stick-meta":"","header-below-stick-meta":"","astra-migrate-meta-layouts":"default","ast-page-background-enabled":"default","ast-page-background-meta":{"desktop":{"background-color":"var(--ast-global-color-5)","background-image":"","background-repeat":"repeat","background-position":"center center","background-size":"auto","background-attachment":"scroll","background-type":"","background-media":"","overlay-type":"","overlay-color":"","overlay-opacity":"","overlay-gradient":""},"tablet":{"background-color":"","background-image":"","background-repeat":"repeat","background-position":"center center","background-size":"auto","background-attachment":"scroll","background-type":"","background-media":"","overlay-type":"","overlay-color":"","overlay-opacity":"","overlay-gradient":""},"mobile":{"background-color":"","background-image":"","background-repeat":"repeat","background-position":"center center","background-size":"auto","background-attachment":"scroll","background-type":"","background-media":"","overlay-type":"","overlay-color":"","overlay-opacity":"","overlay-gradient":""}},"ast-content-background-meta":{"desktop":{"background-color":"var(--ast-global-color-4)","background-image":"","background-repeat":"repeat","background-position":"center center","background-size":"auto","background-attachment":"scroll","background-type":"","background-media":"","overlay-type":"","overlay-color":"","overlay-opacity":"","overlay-gradient":""},"tablet":{"background-color":"var(--ast-global-color-4)","background-image":"","background-repeat":"repeat","background-position":"center center","background-size":"auto","background-attachment":"scroll","background-type":"","background-media":"","overlay-type":"","overlay-color":"","overlay-opacity":"","overlay-gradient":""},"mobile":{"background-color":"var(--ast-global-color-4)","background-image":"","background-repeat":"repeat","background-position":"center center","background-size":"auto","background-attachment":"scroll","background-type":"","background-media":"","overlay-type":"","overlay-color":"","overlay-opacity":"","overlay-gradient":""}},"iawp_total_views":2,"footnotes":""},"class_list":["post-705","page","type-page","status-publish","hentry"],"yoast_head":"<!-- This site is optimized with the Yoast SEO plugin v27.4 - https:\/\/yoast.com\/product\/yoast-seo-wordpress\/ -->\n<title>Politique de confidentialit\u00e9 -<\/title>\n<meta name=\"robots\" content=\"index, follow, max-snippet:-1, max-image-preview:large, max-video-preview:-1\" \/>\n<link rel=\"canonical\" href=\"https:\/\/animauxchics.fr\/index.php\/politique-de-confidentialite\/\" \/>\n<meta property=\"og:locale\" content=\"fr_FR\" \/>\n<meta property=\"og:type\" content=\"article\" \/>\n<meta property=\"og:title\" content=\"Politique de confidentialit\u00e9 -\" \/>\n<meta property=\"og:description\" content=\"Politique de confidentialit\u00e9 Responsable du traitement Animaux Chics &#8211; Entreprise individuelle (SIREN 101 355 873)Virginie DUCAMUS1 rue du Ch\u00e2teau63540 ROMAGNATEmail [&hellip;]\" \/>\n<meta property=\"og:url\" content=\"https:\/\/animauxchics.fr\/index.php\/politique-de-confidentialite\/\" \/>\n<meta property=\"article:modified_time\" content=\"2026-04-13T16:02:00+00:00\" \/>\n<meta name=\"twitter:card\" content=\"summary_large_image\" \/>\n<meta name=\"twitter:label1\" content=\"Dur\u00e9e de lecture estim\u00e9e\" \/>\n\t<meta name=\"twitter:data1\" content=\"2 minutes\" \/>\n<script type=\"application\/ld+json\" class=\"yoast-schema-graph\">{\"@context\":\"https:\\\/\\\/schema.org\",\"@graph\":[{\"@type\":\"WebPage\",\"@id\":\"https:\\\/\\\/animauxchics.fr\\\/index.php\\\/politique-de-confidentialite\\\/\",\"url\":\"https:\\\/\\\/animauxchics.fr\\\/index.php\\\/politique-de-confidentialite\\\/\",\"name\":\"Politique de confidentialit\u00e9 -\",\"isPartOf\":{\"@id\":\"https:\\\/\\\/animauxchics.fr\\\/#website\"},\"datePublished\":\"2026-02-22T11:47:16+00:00\",\"dateModified\":\"2026-04-13T16:02:00+00:00\",\"breadcrumb\":{\"@id\":\"https:\\\/\\\/animauxchics.fr\\\/index.php\\\/politique-de-confidentialite\\\/#breadcrumb\"},\"inLanguage\":\"fr-FR\",\"potentialAction\":[{\"@type\":\"ReadAction\",\"target\":[\"https:\\\/\\\/animauxchics.fr\\\/index.php\\\/politique-de-confidentialite\\\/\"]}]},{\"@type\":\"BreadcrumbList\",\"@id\":\"https:\\\/\\\/animauxchics.fr\\\/index.php\\\/politique-de-confidentialite\\\/#breadcrumb\",\"itemListElement\":[{\"@type\":\"ListItem\",\"position\":1,\"name\":\"Accueil\",\"item\":\"https:\\\/\\\/animauxchics.fr\\\/\"},{\"@type\":\"ListItem\",\"position\":2,\"name\":\"Politique de confidentialit\u00e9\"}]},{\"@type\":\"WebSite\",\"@id\":\"https:\\\/\\\/animauxchics.fr\\\/#website\",\"url\":\"https:\\\/\\\/animauxchics.fr\\\/\",\"name\":\"Animaux Chics\",\"description\":\"\",\"publisher\":{\"@id\":\"https:\\\/\\\/animauxchics.fr\\\/#organization\"},\"potentialAction\":[{\"@type\":\"SearchAction\",\"target\":{\"@type\":\"EntryPoint\",\"urlTemplate\":\"https:\\\/\\\/animauxchics.fr\\\/?s={search_term_string}\"},\"query-input\":{\"@type\":\"PropertyValueSpecification\",\"valueRequired\":true,\"valueName\":\"search_term_string\"}}],\"inLanguage\":\"fr-FR\"},{\"@type\":\"Organization\",\"@id\":\"https:\\\/\\\/animauxchics.fr\\\/#organization\",\"name\":\"Animaux Chics\",\"url\":\"https:\\\/\\\/animauxchics.fr\\\/\",\"logo\":{\"@type\":\"ImageObject\",\"inLanguage\":\"fr-FR\",\"@id\":\"https:\\\/\\\/animauxchics.fr\\\/#\\\/schema\\\/logo\\\/image\\\/\",\"url\":\"https:\\\/\\\/animauxchics.fr\\\/wp-content\\\/uploads\\\/2026\\\/01\\\/cropped-Logo-animaux-chics-VF_rvb-2.png\",\"contentUrl\":\"https:\\\/\\\/animauxchics.fr\\\/wp-content\\\/uploads\\\/2026\\\/01\\\/cropped-Logo-animaux-chics-VF_rvb-2.png\",\"width\":1499,\"height\":1229,\"caption\":\"Animaux Chics\"},\"image\":{\"@id\":\"https:\\\/\\\/animauxchics.fr\\\/#\\\/schema\\\/logo\\\/image\\\/\"}}]}<\/script>\n<!-- \/ Yoast SEO plugin. -->","yoast_head_json":{"title":"Politique de confidentialit\u00e9 -","robots":{"index":"index","follow":"follow","max-snippet":"max-snippet:-1","max-image-preview":"max-image-preview:large","max-video-preview":"max-video-preview:-1"},"canonical":"https:\/\/animauxchics.fr\/index.php\/politique-de-confidentialite\/","og_locale":"fr_FR","og_type":"article","og_title":"Politique de confidentialit\u00e9 -","og_description":"Politique de confidentialit\u00e9 Responsable du traitement Animaux Chics &#8211; Entreprise individuelle (SIREN 101 355 873)Virginie DUCAMUS1 rue du Ch\u00e2teau63540 ROMAGNATEmail [&hellip;]","og_url":"https:\/\/animauxchics.fr\/index.php\/politique-de-confidentialite\/","article_modified_time":"2026-04-13T16:02:00+00:00","twitter_card":"summary_large_image","twitter_misc":{"Dur\u00e9e de lecture estim\u00e9e":"2 minutes"},"schema":{"@context":"https:\/\/schema.org","@graph":[{"@type":"WebPage","@id":"https:\/\/animauxchics.fr\/index.php\/politique-de-confidentialite\/","url":"https:\/\/animauxchics.fr\/index.php\/politique-de-confidentialite\/","name":"Politique de confidentialit\u00e9 -","isPartOf":{"@id":"https:\/\/animauxchics.fr\/#website"},"datePublished":"2026-02-22T11:47:16+00:00","dateModified":"2026-04-13T16:02:00+00:00","breadcrumb":{"@id":"https:\/\/animauxchics.fr\/index.php\/politique-de-confidentialite\/#breadcrumb"},"inLanguage":"fr-FR","potentialAction":[{"@type":"ReadAction","target":["https:\/\/animauxchics.fr\/index.php\/politique-de-confidentialite\/"]}]},{"@type":"BreadcrumbList","@id":"https:\/\/animauxchics.fr\/index.php\/politique-de-confidentialite\/#breadcrumb","itemListElement":[{"@type":"ListItem","position":1,"name":"Accueil","item":"https:\/\/animauxchics.fr\/"},{"@type":"ListItem","position":2,"name":"Politique de confidentialit\u00e9"}]},{"@type":"WebSite","@id":"https:\/\/animauxchics.fr\/#website","url":"https:\/\/animauxchics.fr\/","name":"Animaux Chics","description":"","publisher":{"@id":"https:\/\/animauxchics.fr\/#organization"},"potentialAction":[{"@type":"SearchAction","target":{"@type":"EntryPoint","urlTemplate":"https:\/\/animauxchics.fr\/?s={search_term_string}"},"query-input":{"@type":"PropertyValueSpecification","valueRequired":true,"valueName":"search_term_string"}}],"inLanguage":"fr-FR"},{"@type":"Organization","@id":"https:\/\/animauxchics.fr\/#organization","name":"Animaux Chics","url":"https:\/\/animauxchics.fr\/","logo":{"@type":"ImageObject","inLanguage":"fr-FR","@id":"https:\/\/animauxchics.fr\/#\/schema\/logo\/image\/","url":"https:\/\/animauxchics.fr\/wp-content\/uploads\/2026\/01\/cropped-Logo-animaux-chics-VF_rvb-2.png","contentUrl":"https:\/\/animauxchics.fr\/wp-content\/uploads\/2026\/01\/cropped-Logo-animaux-chics-VF_rvb-2.png","width":1499,"height":1229,"caption":"Animaux Chics"},"image":{"@id":"https:\/\/animauxchics.fr\/#\/schema\/logo\/image\/"}}]}},"_links":{"self":[{"href":"https:\/\/animauxchics.fr\/index.php\/wp-json\/wp\/v2\/pages\/705","targetHints":{"allow":["GET"]}}],"collection":[{"href":"https:\/\/animauxchics.fr\/index.php\/wp-json\/wp\/v2\/pages"}],"about":[{"href":"https:\/\/animauxchics.fr\/index.php\/wp-json\/wp\/v2\/types\/page"}],"author":[{"embeddable":true,"href":"https:\/\/animauxchics.fr\/index.php\/wp-json\/wp\/v2\/users\/1"}],"replies":[{"embeddable":true,"href":"https:\/\/animauxchics.fr\/index.php\/wp-json\/wp\/v2\/comments?post=705"}],"version-history":[{"count":10,"href":"https:\/\/animauxchics.fr\/index.php\/wp-json\/wp\/v2\/pages\/705\/revisions"}],"predecessor-version":[{"id":942,"href":"https:\/\/animauxchics.fr\/index.php\/wp-json\/wp\/v2\/pages\/705\/revisions\/942"}],"wp:attachment":[{"href":"https:\/\/animauxchics.fr\/index.php\/wp-json\/wp\/v2\/media?parent=705"}],"curies":[{"name":"wp","href":"https:\/\/api.w.org\/{rel}","templated":true}]}}