{"id":39,"date":"2026-01-25T17:59:16","date_gmt":"2026-01-25T16:59:16","guid":{"rendered":"http:\/\/localhost:8888\/animaux_chics\/?page_id=39"},"modified":"2026-04-13T17:56:25","modified_gmt":"2026-04-13T15:56:25","slug":"secteurs-desservis","status":"publish","type":"page","link":"https:\/\/animauxchics.fr\/index.php\/secteurs-desservis\/","title":{"rendered":"Secteurs desservis"},"content":{"rendered":"\t\t<div data-elementor-type=\"wp-page\" data-elementor-id=\"39\" class=\"elementor elementor-39\">\n\t\t\t\t<div class=\"elementor-element elementor-element-7a7a061 e-flex e-con-boxed e-con e-parent\" data-id=\"7a7a061\" data-element_type=\"container\" data-e-type=\"container\">\n\t\t\t\t\t<div class=\"e-con-inner\">\n\t\t\t\t<div class=\"elementor-element elementor-element-e48028f elementor-widget elementor-widget-heading\" data-id=\"e48028f\" data-element_type=\"widget\" data-e-type=\"widget\" data-widget_type=\"heading.default\">\n\t\t\t\t\t<h1 class=\"elementor-heading-title elementor-size-default\">Animaux Chics vient \u00e0 votre chien<\/h1>\t\t\t\t<\/div>\n\t\t\t\t<div class=\"elementor-element elementor-element-7853017 elementor-widget elementor-widget-text-editor\" data-id=\"7853017\" data-element_type=\"widget\" data-e-type=\"widget\" data-widget_type=\"text-editor.default\">\n\t\t\t\t\t\t\t\t\t<p>Le toilettage \u00e0 domicile, dans un environnement familier, pour un moment calme, doux et serein. Votre compagnon est choy\u00e9, \u00e0 son rythme, et profite d\u2019un soin respectueux de son bien-\u00eatre.<\/p>\t\t\t\t\t\t\t\t<\/div>\n\t\t\t\t\t<\/div>\n\t\t\t\t<\/div>\n\t\t<div class=\"elementor-element elementor-element-c79a657 e-flex e-con-boxed e-con e-parent\" data-id=\"c79a657\" data-element_type=\"container\" data-e-type=\"container\">\n\t\t\t\t\t<div class=\"e-con-inner\">\n\t\t<div class=\"elementor-element elementor-element-79dc407 e-con-full e-flex e-con e-child\" data-id=\"79dc407\" data-element_type=\"container\" data-e-type=\"container\">\n\t\t\t\t<div class=\"elementor-element elementor-element-1440cf9 elementor-widget elementor-widget-heading\" data-id=\"1440cf9\" data-element_type=\"widget\" data-e-type=\"widget\" data-widget_type=\"heading.default\">\n\t\t\t\t\t<h3 class=\"elementor-heading-title elementor-size-default\">Secteur d\u2019intervention<\/h3>\t\t\t\t<\/div>\n\t\t\t\t<div class=\"elementor-element elementor-element-5c83763 elementor-widget elementor-widget-text-editor\" data-id=\"5c83763\" data-element_type=\"widget\" data-e-type=\"widget\" data-widget_type=\"text-editor.default\">\n\t\t\t\t\t\t\t\t\t<p>Romagnat, Aubi\u00e8re, Ceyrat, Beaumont, Clermont-Ferrand et communes limitrophes.\u00a0<\/p>\t\t\t\t\t\t\t\t<\/div>\n\t\t\t\t<\/div>\n\t\t<div class=\"elementor-element elementor-element-84283e9 e-con-full e-flex e-con e-child\" data-id=\"84283e9\" data-element_type=\"container\" data-e-type=\"container\">\n\t\t\t\t<div class=\"elementor-element elementor-element-3c2b6e5 elementor-widget elementor-widget-html\" data-id=\"3c2b6e5\" data-element_type=\"widget\" data-e-type=\"widget\" data-widget_type=\"html.default\">\n\t\t\t\t\t<div style=\"display: flex; flex-direction: column; align-items: center;\"> <iframe title=\"Smappen - Carte partag\u00e9e\" width=\"800\" height=\"500\" src=\"https:\/\/www.smappen.fr\/app\/iframe\/BZEv4NIFGmcilVCc\" frameborder=\"0\" allowfullscreen> <\/iframe> <div style=\"text-align: center\"> <i style=\"font-size: 0.6rem\"> Carte r\u00e9alis\u00e9e sur <a href=\"https:\/\/www.smappen.fr\" target=\"_blank\"> smappen <\/a> <\/i> <\/div> <\/div>\t\t\t\t<\/div>\n\t\t\t\t<\/div>\n\t\t<div class=\"elementor-element elementor-element-a850cff e-con-full e-flex e-con e-child\" data-id=\"a850cff\" data-element_type=\"container\" data-e-type=\"container\">\n\t\t\t\t<div class=\"elementor-element elementor-element-5d3bb62 elementor-view-default elementor-widget elementor-widget-icon\" data-id=\"5d3bb62\" data-element_type=\"widget\" data-e-type=\"widget\" data-widget_type=\"icon.default\">\n\t\t\t\t\t\t\t<div class=\"elementor-icon-wrapper\">\n\t\t\t<div class=\"elementor-icon\">\n\t\t\t<svg aria-hidden=\"true\" class=\"e-font-icon-svg e-fas-circle\" viewBox=\"0 0 512 512\" xmlns=\"http:\/\/www.w3.org\/2000\/svg\"><path d=\"M256 8C119 8 8 119 8 256s111 248 248 248 248-111 248-248S393 8 256 8z\"><\/path><\/svg>\t\t\t<\/div>\n\t\t<\/div>\n\t\t\t\t\t\t<\/div>\n\t\t\t\t<\/div>\n\t\t<div class=\"elementor-element elementor-element-965e63b e-con-full e-flex e-con e-child\" data-id=\"965e63b\" data-element_type=\"container\" data-e-type=\"container\">\n\t\t\t\t<div class=\"elementor-element elementor-element-1f1a302 elementor-widget elementor-widget-text-editor\" data-id=\"1f1a302\" data-element_type=\"widget\" data-e-type=\"widget\" data-widget_type=\"text-editor.default\">\n\t\t\t\t\t\t\t\t\t<p>0 \u00e0 10 km de Romagnat<\/p>\t\t\t\t\t\t\t\t<\/div>\n\t\t\t\t<\/div>\n\t\t<div class=\"elementor-element elementor-element-78bdafc e-con-full e-flex e-con e-child\" data-id=\"78bdafc\" data-element_type=\"container\" data-e-type=\"container\">\n\t\t\t\t<div class=\"elementor-element elementor-element-119a4c8 elementor-view-default elementor-widget elementor-widget-icon\" data-id=\"119a4c8\" data-element_type=\"widget\" data-e-type=\"widget\" data-widget_type=\"icon.default\">\n\t\t\t\t\t\t\t<div class=\"elementor-icon-wrapper\">\n\t\t\t<div class=\"elementor-icon\">\n\t\t\t<svg aria-hidden=\"true\" class=\"e-font-icon-svg e-fas-circle\" viewBox=\"0 0 512 512\" xmlns=\"http:\/\/www.w3.org\/2000\/svg\"><path d=\"M256 8C119 8 8 119 8 256s111 248 248 248 248-111 248-248S393 8 256 8z\"><\/path><\/svg>\t\t\t<\/div>\n\t\t<\/div>\n\t\t\t\t\t\t<\/div>\n\t\t\t\t<\/div>\n\t\t<div class=\"elementor-element elementor-element-c94f3d5 e-con-full e-flex e-con e-child\" data-id=\"c94f3d5\" data-element_type=\"container\" data-e-type=\"container\">\n\t\t\t\t<div class=\"elementor-element elementor-element-d00275b elementor-widget elementor-widget-text-editor\" data-id=\"d00275b\" data-element_type=\"widget\" data-e-type=\"widget\" data-widget_type=\"text-editor.default\">\n\t\t\t\t\t\t\t\t\t<p>10 \u00e0 20 km de Romagnat<\/p>\t\t\t\t\t\t\t\t<\/div>\n\t\t\t\t<\/div>\n\t\t\t\t\t<\/div>\n\t\t\t\t<\/div>\n\t\t\t\t<\/div>\n\t\t","protected":false},"excerpt":{"rendered":"<p>Animaux Chics vient \u00e0 votre chien Le toilettage \u00e0 domicile, dans un environnement familier, pour un moment calme, doux et [&hellip;]<\/p>\n","protected":false},"author":1,"featured_media":0,"parent":0,"menu_order":0,"comment_status":"closed","ping_status":"closed","template":"elementor_header_footer","meta":{"site-sidebar-layout":"no-sidebar","site-content-layout":"","ast-site-content-layout":"full-width-container","site-content-style":"default","site-sidebar-style":"default","ast-global-header-display":"","ast-banner-title-visibility":"","ast-main-header-display":"","ast-hfb-above-header-display":"","ast-hfb-below-header-display":"","ast-hfb-mobile-header-display":"","site-post-title":"","ast-breadcrumbs-content":"","ast-featured-img":"disabled","footer-sml-layout":"","ast-disable-related-posts":"","theme-transparent-header-meta":"","adv-header-id-meta":"","stick-header-meta":"","header-above-stick-meta":"","header-main-stick-meta":"","header-below-stick-meta":"","astra-migrate-meta-layouts":"default","ast-page-background-enabled":"default","ast-page-background-meta":{"desktop":{"background-color":"var(--ast-global-color-5)","background-image":"","background-repeat":"repeat","background-position":"center center","background-size":"auto","background-attachment":"scroll","background-type":"","background-media":"","overlay-type":"","overlay-color":"","overlay-opacity":"","overlay-gradient":""},"tablet":{"background-color":"","background-image":"","background-repeat":"repeat","background-position":"center center","background-size":"auto","background-attachment":"scroll","background-type":"","background-media":"","overlay-type":"","overlay-color":"","overlay-opacity":"","overlay-gradient":""},"mobile":{"background-color":"","background-image":"","background-repeat":"repeat","background-position":"center center","background-size":"auto","background-attachment":"scroll","background-type":"","background-media":"","overlay-type":"","overlay-color":"","overlay-opacity":"","overlay-gradient":""}},"ast-content-background-meta":{"desktop":{"background-color":"var(--ast-global-color-4)","background-image":"","background-repeat":"repeat","background-position":"center center","background-size":"auto","background-attachment":"scroll","background-type":"","background-media":"","overlay-type":"","overlay-color":"","overlay-opacity":"","overlay-gradient":""},"tablet":{"background-color":"var(--ast-global-color-4)","background-image":"","background-repeat":"repeat","background-position":"center center","background-size":"auto","background-attachment":"scroll","background-type":"","background-media":"","overlay-type":"","overlay-color":"","overlay-opacity":"","overlay-gradient":""},"mobile":{"background-color":"var(--ast-global-color-4)","background-image":"","background-repeat":"repeat","background-position":"center center","background-size":"auto","background-attachment":"scroll","background-type":"","background-media":"","overlay-type":"","overlay-color":"","overlay-opacity":"","overlay-gradient":""}},"iawp_total_views":1,"footnotes":""},"class_list":["post-39","page","type-page","status-publish","hentry"],"yoast_head":"<!-- This site is optimized with the Yoast SEO plugin v27.4 - https:\/\/yoast.com\/product\/yoast-seo-wordpress\/ -->\n<title>Toilettage canin \u00e0 domicile \u00e0 Romagnat et alentours|Animaux Chics<\/title>\n<meta name=\"description\" content=\"Animaux Chics intervient \u00e0 Romagnat et communes alentours pour un toilettage canin \u00e0 domicile calme, doux et respectueux.\" \/>\n<meta name=\"robots\" content=\"index, follow, max-snippet:-1, max-image-preview:large, max-video-preview:-1\" \/>\n<link rel=\"canonical\" href=\"https:\/\/animauxchics.fr\/index.php\/secteurs-desservis\/\" \/>\n<meta property=\"og:locale\" content=\"fr_FR\" \/>\n<meta property=\"og:type\" content=\"article\" \/>\n<meta property=\"og:title\" content=\"Toilettage canin \u00e0 domicile \u00e0 Romagnat et alentours|Animaux Chics\" \/>\n<meta property=\"og:description\" content=\"Animaux Chics intervient \u00e0 Romagnat et communes alentours pour un toilettage canin \u00e0 domicile calme, doux et respectueux.\" \/>\n<meta property=\"og:url\" content=\"https:\/\/animauxchics.fr\/index.php\/secteurs-desservis\/\" \/>\n<meta property=\"article:modified_time\" content=\"2026-04-13T15:56:25+00:00\" \/>\n<meta name=\"twitter:card\" content=\"summary_large_image\" \/>\n<meta name=\"twitter:label1\" content=\"Dur\u00e9e de lecture estim\u00e9e\" \/>\n\t<meta name=\"twitter:data1\" content=\"1 minute\" \/>\n<script type=\"application\/ld+json\" class=\"yoast-schema-graph\">{\"@context\":\"https:\\\/\\\/schema.org\",\"@graph\":[{\"@type\":\"WebPage\",\"@id\":\"https:\\\/\\\/animauxchics.fr\\\/index.php\\\/secteurs-desservis\\\/\",\"url\":\"https:\\\/\\\/animauxchics.fr\\\/index.php\\\/secteurs-desservis\\\/\",\"name\":\"Toilettage canin \u00e0 domicile \u00e0 Romagnat et alentours|Animaux Chics\",\"isPartOf\":{\"@id\":\"https:\\\/\\\/animauxchics.fr\\\/#website\"},\"datePublished\":\"2026-01-25T16:59:16+00:00\",\"dateModified\":\"2026-04-13T15:56:25+00:00\",\"description\":\"Animaux Chics intervient \u00e0 Romagnat et communes alentours pour un toilettage canin \u00e0 domicile calme, doux et respectueux.\",\"breadcrumb\":{\"@id\":\"https:\\\/\\\/animauxchics.fr\\\/index.php\\\/secteurs-desservis\\\/#breadcrumb\"},\"inLanguage\":\"fr-FR\",\"potentialAction\":[{\"@type\":\"ReadAction\",\"target\":[\"https:\\\/\\\/animauxchics.fr\\\/index.php\\\/secteurs-desservis\\\/\"]}]},{\"@type\":\"BreadcrumbList\",\"@id\":\"https:\\\/\\\/animauxchics.fr\\\/index.php\\\/secteurs-desservis\\\/#breadcrumb\",\"itemListElement\":[{\"@type\":\"ListItem\",\"position\":1,\"name\":\"Accueil\",\"item\":\"https:\\\/\\\/animauxchics.fr\\\/\"},{\"@type\":\"ListItem\",\"position\":2,\"name\":\"Secteurs desservis\"}]},{\"@type\":\"WebSite\",\"@id\":\"https:\\\/\\\/animauxchics.fr\\\/#website\",\"url\":\"https:\\\/\\\/animauxchics.fr\\\/\",\"name\":\"Animaux Chics\",\"description\":\"\",\"publisher\":{\"@id\":\"https:\\\/\\\/animauxchics.fr\\\/#organization\"},\"potentialAction\":[{\"@type\":\"SearchAction\",\"target\":{\"@type\":\"EntryPoint\",\"urlTemplate\":\"https:\\\/\\\/animauxchics.fr\\\/?s={search_term_string}\"},\"query-input\":{\"@type\":\"PropertyValueSpecification\",\"valueRequired\":true,\"valueName\":\"search_term_string\"}}],\"inLanguage\":\"fr-FR\"},{\"@type\":\"Organization\",\"@id\":\"https:\\\/\\\/animauxchics.fr\\\/#organization\",\"name\":\"Animaux Chics\",\"url\":\"https:\\\/\\\/animauxchics.fr\\\/\",\"logo\":{\"@type\":\"ImageObject\",\"inLanguage\":\"fr-FR\",\"@id\":\"https:\\\/\\\/animauxchics.fr\\\/#\\\/schema\\\/logo\\\/image\\\/\",\"url\":\"https:\\\/\\\/animauxchics.fr\\\/wp-content\\\/uploads\\\/2026\\\/01\\\/cropped-Logo-animaux-chics-VF_rvb-2.png\",\"contentUrl\":\"https:\\\/\\\/animauxchics.fr\\\/wp-content\\\/uploads\\\/2026\\\/01\\\/cropped-Logo-animaux-chics-VF_rvb-2.png\",\"width\":1499,\"height\":1229,\"caption\":\"Animaux Chics\"},\"image\":{\"@id\":\"https:\\\/\\\/animauxchics.fr\\\/#\\\/schema\\\/logo\\\/image\\\/\"}}]}<\/script>\n<!-- \/ Yoast SEO plugin. -->","yoast_head_json":{"title":"Toilettage canin \u00e0 domicile \u00e0 Romagnat et alentours|Animaux Chics","description":"Animaux Chics intervient \u00e0 Romagnat et communes alentours pour un toilettage canin \u00e0 domicile calme, doux et respectueux.","robots":{"index":"index","follow":"follow","max-snippet":"max-snippet:-1","max-image-preview":"max-image-preview:large","max-video-preview":"max-video-preview:-1"},"canonical":"https:\/\/animauxchics.fr\/index.php\/secteurs-desservis\/","og_locale":"fr_FR","og_type":"article","og_title":"Toilettage canin \u00e0 domicile \u00e0 Romagnat et alentours|Animaux Chics","og_description":"Animaux Chics intervient \u00e0 Romagnat et communes alentours pour un toilettage canin \u00e0 domicile calme, doux et respectueux.","og_url":"https:\/\/animauxchics.fr\/index.php\/secteurs-desservis\/","article_modified_time":"2026-04-13T15:56:25+00:00","twitter_card":"summary_large_image","twitter_misc":{"Dur\u00e9e de lecture estim\u00e9e":"1 minute"},"schema":{"@context":"https:\/\/schema.org","@graph":[{"@type":"WebPage","@id":"https:\/\/animauxchics.fr\/index.php\/secteurs-desservis\/","url":"https:\/\/animauxchics.fr\/index.php\/secteurs-desservis\/","name":"Toilettage canin \u00e0 domicile \u00e0 Romagnat et alentours|Animaux Chics","isPartOf":{"@id":"https:\/\/animauxchics.fr\/#website"},"datePublished":"2026-01-25T16:59:16+00:00","dateModified":"2026-04-13T15:56:25+00:00","description":"Animaux Chics intervient \u00e0 Romagnat et communes alentours pour un toilettage canin \u00e0 domicile calme, doux et respectueux.","breadcrumb":{"@id":"https:\/\/animauxchics.fr\/index.php\/secteurs-desservis\/#breadcrumb"},"inLanguage":"fr-FR","potentialAction":[{"@type":"ReadAction","target":["https:\/\/animauxchics.fr\/index.php\/secteurs-desservis\/"]}]},{"@type":"BreadcrumbList","@id":"https:\/\/animauxchics.fr\/index.php\/secteurs-desservis\/#breadcrumb","itemListElement":[{"@type":"ListItem","position":1,"name":"Accueil","item":"https:\/\/animauxchics.fr\/"},{"@type":"ListItem","position":2,"name":"Secteurs desservis"}]},{"@type":"WebSite","@id":"https:\/\/animauxchics.fr\/#website","url":"https:\/\/animauxchics.fr\/","name":"Animaux Chics","description":"","publisher":{"@id":"https:\/\/animauxchics.fr\/#organization"},"potentialAction":[{"@type":"SearchAction","target":{"@type":"EntryPoint","urlTemplate":"https:\/\/animauxchics.fr\/?s={search_term_string}"},"query-input":{"@type":"PropertyValueSpecification","valueRequired":true,"valueName":"search_term_string"}}],"inLanguage":"fr-FR"},{"@type":"Organization","@id":"https:\/\/animauxchics.fr\/#organization","name":"Animaux Chics","url":"https:\/\/animauxchics.fr\/","logo":{"@type":"ImageObject","inLanguage":"fr-FR","@id":"https:\/\/animauxchics.fr\/#\/schema\/logo\/image\/","url":"https:\/\/animauxchics.fr\/wp-content\/uploads\/2026\/01\/cropped-Logo-animaux-chics-VF_rvb-2.png","contentUrl":"https:\/\/animauxchics.fr\/wp-content\/uploads\/2026\/01\/cropped-Logo-animaux-chics-VF_rvb-2.png","width":1499,"height":1229,"caption":"Animaux Chics"},"image":{"@id":"https:\/\/animauxchics.fr\/#\/schema\/logo\/image\/"}}]}},"_links":{"self":[{"href":"https:\/\/animauxchics.fr\/index.php\/wp-json\/wp\/v2\/pages\/39","targetHints":{"allow":["GET"]}}],"collection":[{"href":"https:\/\/animauxchics.fr\/index.php\/wp-json\/wp\/v2\/pages"}],"about":[{"href":"https:\/\/animauxchics.fr\/index.php\/wp-json\/wp\/v2\/types\/page"}],"author":[{"embeddable":true,"href":"https:\/\/animauxchics.fr\/index.php\/wp-json\/wp\/v2\/users\/1"}],"replies":[{"embeddable":true,"href":"https:\/\/animauxchics.fr\/index.php\/wp-json\/wp\/v2\/comments?post=39"}],"version-history":[{"count":50,"href":"https:\/\/animauxchics.fr\/index.php\/wp-json\/wp\/v2\/pages\/39\/revisions"}],"predecessor-version":[{"id":936,"href":"https:\/\/animauxchics.fr\/index.php\/wp-json\/wp\/v2\/pages\/39\/revisions\/936"}],"wp:attachment":[{"href":"https:\/\/animauxchics.fr\/index.php\/wp-json\/wp\/v2\/media?parent=39"}],"curies":[{"name":"wp","href":"https:\/\/api.w.org\/{rel}","templated":true}]}}