{"id":33,"date":"2026-01-25T17:57:38","date_gmt":"2026-01-25T16:57:38","guid":{"rendered":"http:\/\/localhost:8888\/animaux_chics\/?page_id=33"},"modified":"2026-02-10T19:19:48","modified_gmt":"2026-02-10T18:19:48","slug":"approche-et-valeurs","status":"publish","type":"page","link":"https:\/\/animauxchics.fr\/index.php\/approche-et-valeurs\/","title":{"rendered":"Approche et valeurs"},"content":{"rendered":"\t\t<div data-elementor-type=\"wp-page\" data-elementor-id=\"33\" class=\"elementor elementor-33\">\n\t\t\t\t<div class=\"elementor-element elementor-element-1a30a81 e-flex e-con-boxed e-con e-parent\" data-id=\"1a30a81\" data-element_type=\"container\" data-e-type=\"container\">\n\t\t\t\t\t<div class=\"e-con-inner\">\n\t\t<div class=\"elementor-element elementor-element-88095ce e-con-full e-flex e-con e-child\" data-id=\"88095ce\" data-element_type=\"container\" data-e-type=\"container\">\n\t\t\t\t<div class=\"elementor-element elementor-element-1cfefd9 elementor-widget elementor-widget-heading\" data-id=\"1cfefd9\" data-element_type=\"widget\" data-e-type=\"widget\" data-widget_type=\"heading.default\">\n\t\t\t\t\t<h1 class=\"elementor-heading-title elementor-size-default\">Mon approche - M\u00e9thode et posture<\/h1>\t\t\t\t<\/div>\n\t\t\t\t<\/div>\n\t\t<div class=\"elementor-element elementor-element-d77abfe e-con-full e-flex e-con e-child\" data-id=\"d77abfe\" data-element_type=\"container\" data-e-type=\"container\">\n\t\t\t\t<div class=\"elementor-element elementor-element-8c8a898 elementor-widget elementor-widget-image\" data-id=\"8c8a898\" data-element_type=\"widget\" data-e-type=\"widget\" data-widget_type=\"image.default\">\n\t\t\t\t\t\t\t\t\t\t\t\t\t\t\t<img fetchpriority=\"high\" decoding=\"async\" width=\"691\" height=\"990\" src=\"https:\/\/animauxchics.fr\/wp-content\/uploads\/2026\/02\/630a1776-c47e-492a-a41f-112c68a516de.jpg\" class=\"attachment-large size-large wp-image-556\" alt=\"\" srcset=\"https:\/\/animauxchics.fr\/wp-content\/uploads\/2026\/02\/630a1776-c47e-492a-a41f-112c68a516de.jpg 691w, https:\/\/animauxchics.fr\/wp-content\/uploads\/2026\/02\/630a1776-c47e-492a-a41f-112c68a516de-209x300.jpg 209w\" sizes=\"(max-width: 691px) 100vw, 691px\" \/>\t\t\t\t\t\t\t\t\t\t\t\t\t\t\t<\/div>\n\t\t\t\t<\/div>\n\t\t<div class=\"elementor-element elementor-element-ab408c8 e-con-full e-flex e-con e-child\" data-id=\"ab408c8\" data-element_type=\"container\" data-e-type=\"container\">\n\t\t\t\t<div class=\"elementor-element elementor-element-1535d2e elementor-widget elementor-widget-heading\" data-id=\"1535d2e\" data-element_type=\"widget\" data-e-type=\"widget\" data-widget_type=\"heading.default\">\n\t\t\t\t\t<h3 class=\"elementor-heading-title elementor-size-default\">Un toilettage respectueux et sur mesure<\/h3>\t\t\t\t<\/div>\n\t\t\t\t<div class=\"elementor-element elementor-element-7fe8d11 elementor-widget elementor-widget-text-editor\" data-id=\"7fe8d11\" data-element_type=\"widget\" data-e-type=\"widget\" data-widget_type=\"text-editor.default\">\n\t\t\t\t\t\t\t\t\t<p data-start=\"1905\" data-end=\"2137\">Chaque attention est pens\u00e9e pour le confort et le bien-\u00eatre de votre compagnon : les mains qui prennent le temps, les peignes qui glissent sans brusquer, les ciseaux qui respectent la morphologie, et toujours une pr\u00e9sence attentive.<\/p><p data-start=\"2139\" data-end=\"2280\">Avant de toiletter, j\u2019observe.<br data-start=\"2169\" data-end=\"2172\" \/>Le langage du corps, les r\u00e9actions, les zones sensibles. <strong>Le toilettage s\u2019adapte au chien \u2014 jamais l\u2019inverse.<\/strong><\/p><p data-start=\"2282\" data-end=\"2446\">Chez Animaux Chics, le toilettage se d\u00e9roule \u00e0 domicile, dans un environnement familier, afin de pr\u00e9server les rep\u00e8res du chien et favoriser un climat de confiance.<\/p>\t\t\t\t\t\t\t\t<\/div>\n\t\t\t\t<\/div>\n\t\t<div class=\"elementor-element elementor-element-051147c e-con-full e-flex e-con e-child\" data-id=\"051147c\" data-element_type=\"container\" data-e-type=\"container\">\n\t\t\t\t<div class=\"elementor-element elementor-element-2c25e67 elementor-widget elementor-widget-heading\" data-id=\"2c25e67\" data-element_type=\"widget\" data-e-type=\"widget\" data-widget_type=\"heading.default\">\n\t\t\t\t\t<h3 class=\"elementor-heading-title elementor-size-default\">Le toilettage comme un moment de soin<\/h3>\t\t\t\t<\/div>\n\t\t\t\t<div class=\"elementor-element elementor-element-0b986a4 elementor-widget elementor-widget-text-editor\" data-id=\"0b986a4\" data-element_type=\"widget\" data-e-type=\"widget\" data-widget_type=\"text-editor.default\">\n\t\t\t\t\t\t\t\t\t<p data-start=\"2491\" data-end=\"2696\">C\u2019est un moment o\u00f9 je prends le temps de comprendre le temp\u00e9rament de chaque chien.<br data-start=\"2574\" data-end=\"2577\" \/>Certaines s\u00e9ances demandent plus de douceur, d\u2019autres plus de pauses. Chaque geste est ajust\u00e9, chaque limite respect\u00e9e.<\/p><p data-start=\"2698\" data-end=\"2791\">Le r\u00e9sultat compte, bien s\u00fbr, mais <strong data-start=\"2733\" data-end=\"2790\">jamais au d\u00e9triment du confort ou du v\u00e9cu de l\u2019animal<\/strong>.<\/p>\t\t\t\t\t\t\t\t<\/div>\n\t\t\t\t<div class=\"elementor-element elementor-element-bbe90ac elementor-widget elementor-widget-heading\" data-id=\"bbe90ac\" data-element_type=\"widget\" data-e-type=\"widget\" data-widget_type=\"heading.default\">\n\t\t\t\t\t<h3 class=\"elementor-heading-title elementor-size-default\">Mes valeurs cl\u00e9s<\/h3>\t\t\t\t<\/div>\n\t\t\t\t<div class=\"elementor-element elementor-element-90f5115 elementor-widget elementor-widget-text-editor\" data-id=\"90f5115\" data-element_type=\"widget\" data-e-type=\"widget\" data-widget_type=\"text-editor.default\">\n\t\t\t\t\t\t\t\t\t<p style=\"padding-left: 40px;\">\ud83c\udf3f <strong>Douceur et progression<\/strong> : avancer \u00e9tape par \u00e9tape, sans contrainte inutile.<\/p><p style=\"padding-left: 40px;\">\u23f1\ufe0f <strong>Temps n\u00e9cessaire<\/strong> : aucune s\u00e9ance n\u2019est pr\u00e9cipit\u00e9e.<\/p><p style=\"padding-left: 40px;\">\ud83d\udc3e <strong>Respect des limites et confort : <\/strong>physiques comme \u00e9motionnelles.<\/p><p style=\"padding-left: 40px;\">\ud83e\udd1d C<strong>onfiance et complicit\u00e9<\/strong> : une relation construite avec le chien, et partag\u00e9e avec son humain.<\/p><p>Parce que les truffes exigeantes m\u00e9ritent plus qu\u2019un simple toilettage : elles m\u00e9ritent un soin attentif, r\u00e9fl\u00e9chi et profond\u00e9ment respectueux.<\/p>\t\t\t\t\t\t\t\t<\/div>\n\t\t\t\t<\/div>\n\t\t\t\t\t<\/div>\n\t\t\t\t<\/div>\n\t\t\t\t<\/div>\n\t\t","protected":false},"excerpt":{"rendered":"<p>Mon approche &#8211; M\u00e9thode et posture Un toilettage respectueux et sur mesure Chaque attention est pens\u00e9e pour le confort et [&hellip;]<\/p>\n","protected":false},"author":1,"featured_media":0,"parent":0,"menu_order":0,"comment_status":"closed","ping_status":"closed","template":"elementor_header_footer","meta":{"site-sidebar-layout":"no-sidebar","site-content-layout":"","ast-site-content-layout":"full-width-container","site-content-style":"default","site-sidebar-style":"default","ast-global-header-display":"","ast-banner-title-visibility":"","ast-main-header-display":"","ast-hfb-above-header-display":"","ast-hfb-below-header-display":"","ast-hfb-mobile-header-display":"","site-post-title":"","ast-breadcrumbs-content":"","ast-featured-img":"disabled","footer-sml-layout":"","ast-disable-related-posts":"","theme-transparent-header-meta":"","adv-header-id-meta":"","stick-header-meta":"","header-above-stick-meta":"","header-main-stick-meta":"","header-below-stick-meta":"","astra-migrate-meta-layouts":"default","ast-page-background-enabled":"default","ast-page-background-meta":{"desktop":{"background-color":"var(--ast-global-color-5)","background-image":"","background-repeat":"repeat","background-position":"center center","background-size":"auto","background-attachment":"scroll","background-type":"","background-media":"","overlay-type":"","overlay-color":"","overlay-opacity":"","overlay-gradient":""},"tablet":{"background-color":"","background-image":"","background-repeat":"repeat","background-position":"center center","background-size":"auto","background-attachment":"scroll","background-type":"","background-media":"","overlay-type":"","overlay-color":"","overlay-opacity":"","overlay-gradient":""},"mobile":{"background-color":"","background-image":"","background-repeat":"repeat","background-position":"center center","background-size":"auto","background-attachment":"scroll","background-type":"","background-media":"","overlay-type":"","overlay-color":"","overlay-opacity":"","overlay-gradient":""}},"ast-content-background-meta":{"desktop":{"background-color":"var(--ast-global-color-4)","background-image":"","background-repeat":"repeat","background-position":"center center","background-size":"auto","background-attachment":"scroll","background-type":"","background-media":"","overlay-type":"","overlay-color":"","overlay-opacity":"","overlay-gradient":""},"tablet":{"background-color":"var(--ast-global-color-4)","background-image":"","background-repeat":"repeat","background-position":"center center","background-size":"auto","background-attachment":"scroll","background-type":"","background-media":"","overlay-type":"","overlay-color":"","overlay-opacity":"","overlay-gradient":""},"mobile":{"background-color":"var(--ast-global-color-4)","background-image":"","background-repeat":"repeat","background-position":"center center","background-size":"auto","background-attachment":"scroll","background-type":"","background-media":"","overlay-type":"","overlay-color":"","overlay-opacity":"","overlay-gradient":""}},"iawp_total_views":4,"footnotes":""},"class_list":["post-33","page","type-page","status-publish","hentry"],"yoast_head":"<!-- This site is optimized with the Yoast SEO plugin v27.4 - https:\/\/yoast.com\/product\/yoast-seo-wordpress\/ -->\n<title>Mon approche du toilettage canin \u00e0 domicile | Animaux Chics\u2028<\/title>\n<meta name=\"description\" content=\"Animaux Chics c&#039;est une approche douce et attentive. Un toilettage respectueux, patient et personnalis\u00e9, pens\u00e9 pour le bien-\u00eatre du chien.\" \/>\n<meta name=\"robots\" content=\"index, follow, max-snippet:-1, max-image-preview:large, max-video-preview:-1\" \/>\n<link rel=\"canonical\" href=\"https:\/\/animauxchics.fr\/index.php\/approche-et-valeurs\/\" \/>\n<meta property=\"og:locale\" content=\"fr_FR\" \/>\n<meta property=\"og:type\" content=\"article\" \/>\n<meta property=\"og:title\" content=\"Mon approche du toilettage canin \u00e0 domicile | Animaux Chics\u2028\" \/>\n<meta property=\"og:description\" content=\"Animaux Chics c&#039;est une approche douce et attentive. Un toilettage respectueux, patient et personnalis\u00e9, pens\u00e9 pour le bien-\u00eatre du chien.\" \/>\n<meta property=\"og:url\" content=\"https:\/\/animauxchics.fr\/index.php\/approche-et-valeurs\/\" \/>\n<meta property=\"article:modified_time\" content=\"2026-02-10T18:19:48+00:00\" \/>\n<meta property=\"og:image\" content=\"https:\/\/animauxchics.fr\/wp-content\/uploads\/2026\/02\/630a1776-c47e-492a-a41f-112c68a516de.jpg\" \/>\n\t<meta property=\"og:image:width\" content=\"691\" \/>\n\t<meta property=\"og:image:height\" content=\"990\" \/>\n\t<meta property=\"og:image:type\" content=\"image\/jpeg\" \/>\n<meta name=\"twitter:card\" content=\"summary_large_image\" \/>\n<meta name=\"twitter:label1\" content=\"Dur\u00e9e de lecture estim\u00e9e\" \/>\n\t<meta name=\"twitter:data1\" content=\"2 minutes\" \/>\n<script type=\"application\/ld+json\" class=\"yoast-schema-graph\">{\"@context\":\"https:\\\/\\\/schema.org\",\"@graph\":[{\"@type\":\"WebPage\",\"@id\":\"https:\\\/\\\/animauxchics.fr\\\/index.php\\\/approche-et-valeurs\\\/\",\"url\":\"https:\\\/\\\/animauxchics.fr\\\/index.php\\\/approche-et-valeurs\\\/\",\"name\":\"Mon approche du toilettage canin \u00e0 domicile | Animaux Chics\\u2028\",\"isPartOf\":{\"@id\":\"https:\\\/\\\/animauxchics.fr\\\/#website\"},\"primaryImageOfPage\":{\"@id\":\"https:\\\/\\\/animauxchics.fr\\\/index.php\\\/approche-et-valeurs\\\/#primaryimage\"},\"image\":{\"@id\":\"https:\\\/\\\/animauxchics.fr\\\/index.php\\\/approche-et-valeurs\\\/#primaryimage\"},\"thumbnailUrl\":\"https:\\\/\\\/animauxchics.fr\\\/wp-content\\\/uploads\\\/2026\\\/02\\\/630a1776-c47e-492a-a41f-112c68a516de.jpg\",\"datePublished\":\"2026-01-25T16:57:38+00:00\",\"dateModified\":\"2026-02-10T18:19:48+00:00\",\"description\":\"Animaux Chics c'est une approche douce et attentive. Un toilettage respectueux, patient et personnalis\u00e9, pens\u00e9 pour le bien-\u00eatre du chien.\",\"breadcrumb\":{\"@id\":\"https:\\\/\\\/animauxchics.fr\\\/index.php\\\/approche-et-valeurs\\\/#breadcrumb\"},\"inLanguage\":\"fr-FR\",\"potentialAction\":[{\"@type\":\"ReadAction\",\"target\":[\"https:\\\/\\\/animauxchics.fr\\\/index.php\\\/approche-et-valeurs\\\/\"]}]},{\"@type\":\"ImageObject\",\"inLanguage\":\"fr-FR\",\"@id\":\"https:\\\/\\\/animauxchics.fr\\\/index.php\\\/approche-et-valeurs\\\/#primaryimage\",\"url\":\"https:\\\/\\\/animauxchics.fr\\\/wp-content\\\/uploads\\\/2026\\\/02\\\/630a1776-c47e-492a-a41f-112c68a516de.jpg\",\"contentUrl\":\"https:\\\/\\\/animauxchics.fr\\\/wp-content\\\/uploads\\\/2026\\\/02\\\/630a1776-c47e-492a-a41f-112c68a516de.jpg\",\"width\":691,\"height\":990},{\"@type\":\"BreadcrumbList\",\"@id\":\"https:\\\/\\\/animauxchics.fr\\\/index.php\\\/approche-et-valeurs\\\/#breadcrumb\",\"itemListElement\":[{\"@type\":\"ListItem\",\"position\":1,\"name\":\"Accueil\",\"item\":\"https:\\\/\\\/animauxchics.fr\\\/\"},{\"@type\":\"ListItem\",\"position\":2,\"name\":\"Approche et valeurs\"}]},{\"@type\":\"WebSite\",\"@id\":\"https:\\\/\\\/animauxchics.fr\\\/#website\",\"url\":\"https:\\\/\\\/animauxchics.fr\\\/\",\"name\":\"Animaux Chics\",\"description\":\"\",\"publisher\":{\"@id\":\"https:\\\/\\\/animauxchics.fr\\\/#organization\"},\"potentialAction\":[{\"@type\":\"SearchAction\",\"target\":{\"@type\":\"EntryPoint\",\"urlTemplate\":\"https:\\\/\\\/animauxchics.fr\\\/?s={search_term_string}\"},\"query-input\":{\"@type\":\"PropertyValueSpecification\",\"valueRequired\":true,\"valueName\":\"search_term_string\"}}],\"inLanguage\":\"fr-FR\"},{\"@type\":\"Organization\",\"@id\":\"https:\\\/\\\/animauxchics.fr\\\/#organization\",\"name\":\"Animaux Chics\",\"url\":\"https:\\\/\\\/animauxchics.fr\\\/\",\"logo\":{\"@type\":\"ImageObject\",\"inLanguage\":\"fr-FR\",\"@id\":\"https:\\\/\\\/animauxchics.fr\\\/#\\\/schema\\\/logo\\\/image\\\/\",\"url\":\"https:\\\/\\\/animauxchics.fr\\\/wp-content\\\/uploads\\\/2026\\\/01\\\/cropped-Logo-animaux-chics-VF_rvb-2.png\",\"contentUrl\":\"https:\\\/\\\/animauxchics.fr\\\/wp-content\\\/uploads\\\/2026\\\/01\\\/cropped-Logo-animaux-chics-VF_rvb-2.png\",\"width\":1499,\"height\":1229,\"caption\":\"Animaux Chics\"},\"image\":{\"@id\":\"https:\\\/\\\/animauxchics.fr\\\/#\\\/schema\\\/logo\\\/image\\\/\"}}]}<\/script>\n<!-- \/ Yoast SEO plugin. -->","yoast_head_json":{"title":"Mon approche du toilettage canin \u00e0 domicile | Animaux Chics\u2028","description":"Animaux Chics c'est une approche douce et attentive. Un toilettage respectueux, patient et personnalis\u00e9, pens\u00e9 pour le bien-\u00eatre du chien.","robots":{"index":"index","follow":"follow","max-snippet":"max-snippet:-1","max-image-preview":"max-image-preview:large","max-video-preview":"max-video-preview:-1"},"canonical":"https:\/\/animauxchics.fr\/index.php\/approche-et-valeurs\/","og_locale":"fr_FR","og_type":"article","og_title":"Mon approche du toilettage canin \u00e0 domicile | Animaux Chics\u2028","og_description":"Animaux Chics c'est une approche douce et attentive. Un toilettage respectueux, patient et personnalis\u00e9, pens\u00e9 pour le bien-\u00eatre du chien.","og_url":"https:\/\/animauxchics.fr\/index.php\/approche-et-valeurs\/","article_modified_time":"2026-02-10T18:19:48+00:00","og_image":[{"width":691,"height":990,"url":"https:\/\/animauxchics.fr\/wp-content\/uploads\/2026\/02\/630a1776-c47e-492a-a41f-112c68a516de.jpg","type":"image\/jpeg"}],"twitter_card":"summary_large_image","twitter_misc":{"Dur\u00e9e de lecture estim\u00e9e":"2 minutes"},"schema":{"@context":"https:\/\/schema.org","@graph":[{"@type":"WebPage","@id":"https:\/\/animauxchics.fr\/index.php\/approche-et-valeurs\/","url":"https:\/\/animauxchics.fr\/index.php\/approche-et-valeurs\/","name":"Mon approche du toilettage canin \u00e0 domicile | Animaux Chics\u2028","isPartOf":{"@id":"https:\/\/animauxchics.fr\/#website"},"primaryImageOfPage":{"@id":"https:\/\/animauxchics.fr\/index.php\/approche-et-valeurs\/#primaryimage"},"image":{"@id":"https:\/\/animauxchics.fr\/index.php\/approche-et-valeurs\/#primaryimage"},"thumbnailUrl":"https:\/\/animauxchics.fr\/wp-content\/uploads\/2026\/02\/630a1776-c47e-492a-a41f-112c68a516de.jpg","datePublished":"2026-01-25T16:57:38+00:00","dateModified":"2026-02-10T18:19:48+00:00","description":"Animaux Chics c'est une approche douce et attentive. Un toilettage respectueux, patient et personnalis\u00e9, pens\u00e9 pour le bien-\u00eatre du chien.","breadcrumb":{"@id":"https:\/\/animauxchics.fr\/index.php\/approche-et-valeurs\/#breadcrumb"},"inLanguage":"fr-FR","potentialAction":[{"@type":"ReadAction","target":["https:\/\/animauxchics.fr\/index.php\/approche-et-valeurs\/"]}]},{"@type":"ImageObject","inLanguage":"fr-FR","@id":"https:\/\/animauxchics.fr\/index.php\/approche-et-valeurs\/#primaryimage","url":"https:\/\/animauxchics.fr\/wp-content\/uploads\/2026\/02\/630a1776-c47e-492a-a41f-112c68a516de.jpg","contentUrl":"https:\/\/animauxchics.fr\/wp-content\/uploads\/2026\/02\/630a1776-c47e-492a-a41f-112c68a516de.jpg","width":691,"height":990},{"@type":"BreadcrumbList","@id":"https:\/\/animauxchics.fr\/index.php\/approche-et-valeurs\/#breadcrumb","itemListElement":[{"@type":"ListItem","position":1,"name":"Accueil","item":"https:\/\/animauxchics.fr\/"},{"@type":"ListItem","position":2,"name":"Approche et valeurs"}]},{"@type":"WebSite","@id":"https:\/\/animauxchics.fr\/#website","url":"https:\/\/animauxchics.fr\/","name":"Animaux Chics","description":"","publisher":{"@id":"https:\/\/animauxchics.fr\/#organization"},"potentialAction":[{"@type":"SearchAction","target":{"@type":"EntryPoint","urlTemplate":"https:\/\/animauxchics.fr\/?s={search_term_string}"},"query-input":{"@type":"PropertyValueSpecification","valueRequired":true,"valueName":"search_term_string"}}],"inLanguage":"fr-FR"},{"@type":"Organization","@id":"https:\/\/animauxchics.fr\/#organization","name":"Animaux Chics","url":"https:\/\/animauxchics.fr\/","logo":{"@type":"ImageObject","inLanguage":"fr-FR","@id":"https:\/\/animauxchics.fr\/#\/schema\/logo\/image\/","url":"https:\/\/animauxchics.fr\/wp-content\/uploads\/2026\/01\/cropped-Logo-animaux-chics-VF_rvb-2.png","contentUrl":"https:\/\/animauxchics.fr\/wp-content\/uploads\/2026\/01\/cropped-Logo-animaux-chics-VF_rvb-2.png","width":1499,"height":1229,"caption":"Animaux Chics"},"image":{"@id":"https:\/\/animauxchics.fr\/#\/schema\/logo\/image\/"}}]}},"_links":{"self":[{"href":"https:\/\/animauxchics.fr\/index.php\/wp-json\/wp\/v2\/pages\/33","targetHints":{"allow":["GET"]}}],"collection":[{"href":"https:\/\/animauxchics.fr\/index.php\/wp-json\/wp\/v2\/pages"}],"about":[{"href":"https:\/\/animauxchics.fr\/index.php\/wp-json\/wp\/v2\/types\/page"}],"author":[{"embeddable":true,"href":"https:\/\/animauxchics.fr\/index.php\/wp-json\/wp\/v2\/users\/1"}],"replies":[{"embeddable":true,"href":"https:\/\/animauxchics.fr\/index.php\/wp-json\/wp\/v2\/comments?post=33"}],"version-history":[{"count":61,"href":"https:\/\/animauxchics.fr\/index.php\/wp-json\/wp\/v2\/pages\/33\/revisions"}],"predecessor-version":[{"id":682,"href":"https:\/\/animauxchics.fr\/index.php\/wp-json\/wp\/v2\/pages\/33\/revisions\/682"}],"wp:attachment":[{"href":"https:\/\/animauxchics.fr\/index.php\/wp-json\/wp\/v2\/media?parent=33"}],"curies":[{"name":"wp","href":"https:\/\/api.w.org\/{rel}","templated":true}]}}