{"id":3,"date":"2026-01-22T17:44:18","date_gmt":"2026-01-22T16:44:18","guid":{"rendered":"http:\/\/localhost:8888\/animaux_chics\/?page_id=3"},"modified":"2026-04-13T17:47:41","modified_gmt":"2026-04-13T15:47:41","slug":"mentions-legales","status":"publish","type":"page","link":"https:\/\/animauxchics.fr\/index.php\/mentions-legales\/","title":{"rendered":"Mentions l\u00e9gales"},"content":{"rendered":"\t\t<div data-elementor-type=\"wp-page\" data-elementor-id=\"3\" class=\"elementor elementor-3\">\n\t\t\t\t<div class=\"elementor-element elementor-element-562aff35 e-flex e-con-boxed e-con e-parent\" data-id=\"562aff35\" data-element_type=\"container\" data-e-type=\"container\">\n\t\t\t\t\t<div class=\"e-con-inner\">\n\t\t\t\t<div class=\"elementor-element elementor-element-b53ab10 elementor-widget elementor-widget-heading\" data-id=\"b53ab10\" data-element_type=\"widget\" data-e-type=\"widget\" data-widget_type=\"heading.default\">\n\t\t\t\t\t<h1 class=\"elementor-heading-title elementor-size-default\">Mentions l\u00e9gales et politique de confidentialit\u00e9<\/h1>\t\t\t\t<\/div>\n\t\t\t\t<div class=\"elementor-element elementor-element-638ab20b elementor-widget elementor-widget-text-editor\" data-id=\"638ab20b\" data-element_type=\"widget\" data-e-type=\"widget\" data-widget_type=\"text-editor.default\">\n\t\t\t\t\t\t\t\t\t\n<h2 class=\"wp-block-heading\" data-start=\"536\" data-end=\"554\">\u00c9diteur du site<\/h2>\n<p data-start=\"556\" data-end=\"770\">Nom de l\u2019entreprise : Animaux Chics &#8211; Entreprise individuelle (SIREN : 101 355 873)<br data-start=\"595\" data-end=\"598\" \/>Responsable de la publication : Virginie DUCAMUS<br data-start=\"650\" data-end=\"653\" \/>Adresse : 1 rue du Ch\u00e2teau, 63540 ROMAGNAT<br data-start=\"699\" data-end=\"702\" \/>T\u00e9l\u00e9phone : +33 7 59 72 60 91<br data-start=\"735\" data-end=\"738\" \/>Email : <a class=\"decorated-link cursor-pointer\" href=\"mailto:contact@animauxchics.fr\" rel=\"noopener\" data-start=\"748\" data-end=\"768\">contact@animauxchics.fr<\/a><\/p>\n<h2 data-start=\"777\" data-end=\"791\">H\u00e9bergement<\/h2>\n<p data-start=\"793\" data-end=\"904\">H\u00e9bergeur : <strong data-start=\"805\" data-end=\"829\">[Nom de l\u2019h\u00e9bergeur]<\/strong><br data-start=\"829\" data-end=\"832\" \/>Adresse : <strong data-start=\"842\" data-end=\"864\">[Adresse compl\u00e8te]<\/strong><br data-start=\"864\" data-end=\"867\" \/>T\u00e9l\u00e9phone : <strong data-start=\"879\" data-end=\"904\">[Num\u00e9ro de t\u00e9l\u00e9phone]<\/strong><\/p>\n<h2 data-start=\"911\" data-end=\"938\">Propri\u00e9t\u00e9 intellectuelle<\/h2>\n<p data-start=\"940\" data-end=\"1078\">L\u2019ensemble des contenus pr\u00e9sents sur le site Animaux Chics (textes, images, logos, \u00e9l\u00e9ments graphiques) est prot\u00e9g\u00e9 par le droit d\u2019auteur.<\/p>\n<p data-start=\"1080\" data-end=\"1168\">Toute reproduction, modification ou diffusion sans autorisation pr\u00e9alable est interdite.<\/p>\n<h2 data-start=\"1175\" data-end=\"1192\">Responsabilit\u00e9<\/h2>\n<p data-start=\"1194\" data-end=\"1371\">Animaux Chics s\u2019efforce d\u2019assurer l\u2019exactitude des informations publi\u00e9es sur le site.<br data-start=\"1279\" data-end=\"1282\" \/>Toutefois, l\u2019\u00e9diteur ne saurait \u00eatre tenu responsable d\u2019\u00e9ventuelles erreurs ou omissions.<\/p>\n<h2 data-start=\"1378\" data-end=\"1397\">Droit applicable<\/h2>\n<p data-start=\"1399\" data-end=\"1503\">Le site est soumis au droit fran\u00e7ais.<br data-start=\"1436\" data-end=\"1439\" \/>Tout litige sera, dans la mesure du possible, r\u00e9gl\u00e9 \u00e0 l\u2019amiable.<\/p>\n\t\t\t\t\t\t\t\t<\/div>\n\t\t\t\t\t<\/div>\n\t\t\t\t<\/div>\n\t\t\t\t<\/div>\n\t\t","protected":false},"excerpt":{"rendered":"<p>Mentions l\u00e9gales et politique de confidentialit\u00e9 \u00c9diteur du site Nom de l\u2019entreprise : Animaux Chics &#8211; Entreprise individuelle (SIREN : [&hellip;]<\/p>\n","protected":false},"author":1,"featured_media":0,"parent":0,"menu_order":0,"comment_status":"closed","ping_status":"open","template":"elementor_header_footer","meta":{"site-sidebar-layout":"default","site-content-layout":"","ast-site-content-layout":"default","site-content-style":"default","site-sidebar-style":"default","ast-global-header-display":"","ast-banner-title-visibility":"","ast-main-header-display":"","ast-hfb-above-header-display":"","ast-hfb-below-header-display":"","ast-hfb-mobile-header-display":"","site-post-title":"","ast-breadcrumbs-content":"","ast-featured-img":"","footer-sml-layout":"","ast-disable-related-posts":"","theme-transparent-header-meta":"","adv-header-id-meta":"","stick-header-meta":"","header-above-stick-meta":"","header-main-stick-meta":"","header-below-stick-meta":"","astra-migrate-meta-layouts":"default","ast-page-background-enabled":"default","ast-page-background-meta":{"desktop":{"background-color":"var(--ast-global-color-5)","background-image":"","background-repeat":"repeat","background-position":"center center","background-size":"auto","background-attachment":"scroll","background-type":"","background-media":"","overlay-type":"","overlay-color":"","overlay-opacity":"","overlay-gradient":""},"tablet":{"background-color":"","background-image":"","background-repeat":"repeat","background-position":"center center","background-size":"auto","background-attachment":"scroll","background-type":"","background-media":"","overlay-type":"","overlay-color":"","overlay-opacity":"","overlay-gradient":""},"mobile":{"background-color":"","background-image":"","background-repeat":"repeat","background-position":"center center","background-size":"auto","background-attachment":"scroll","background-type":"","background-media":"","overlay-type":"","overlay-color":"","overlay-opacity":"","overlay-gradient":""}},"ast-content-background-meta":{"desktop":{"background-color":"var(--ast-global-color-4)","background-image":"","background-repeat":"repeat","background-position":"center center","background-size":"auto","background-attachment":"scroll","background-type":"","background-media":"","overlay-type":"","overlay-color":"","overlay-opacity":"","overlay-gradient":""},"tablet":{"background-color":"var(--ast-global-color-4)","background-image":"","background-repeat":"repeat","background-position":"center center","background-size":"auto","background-attachment":"scroll","background-type":"","background-media":"","overlay-type":"","overlay-color":"","overlay-opacity":"","overlay-gradient":""},"mobile":{"background-color":"var(--ast-global-color-4)","background-image":"","background-repeat":"repeat","background-position":"center center","background-size":"auto","background-attachment":"scroll","background-type":"","background-media":"","overlay-type":"","overlay-color":"","overlay-opacity":"","overlay-gradient":""}},"iawp_total_views":2,"footnotes":""},"class_list":["post-3","page","type-page","status-publish","hentry"],"yoast_head":"<!-- This site is optimized with the Yoast SEO plugin v27.3 - https:\/\/yoast.com\/product\/yoast-seo-wordpress\/ -->\n<title>Mentions l\u00e9gales \u2013 Animaux Chics | Toilettage canin<\/title>\n<meta name=\"description\" content=\"Informations l\u00e9gales du site Animaux Chics, sp\u00e9cialiste du toilettage canin \u00e0 domicile.\" \/>\n<meta name=\"robots\" content=\"index, follow, max-snippet:-1, max-image-preview:large, max-video-preview:-1\" \/>\n<link rel=\"canonical\" href=\"https:\/\/animauxchics.fr\/index.php\/mentions-legales\/\" \/>\n<meta property=\"og:locale\" content=\"fr_FR\" \/>\n<meta property=\"og:type\" content=\"article\" \/>\n<meta property=\"og:title\" content=\"Mentions l\u00e9gales \u2013 Animaux Chics | Toilettage canin\" \/>\n<meta property=\"og:description\" content=\"Informations l\u00e9gales du site Animaux Chics, sp\u00e9cialiste du toilettage canin \u00e0 domicile.\" \/>\n<meta property=\"og:url\" content=\"https:\/\/animauxchics.fr\/index.php\/mentions-legales\/\" \/>\n<meta property=\"article:modified_time\" content=\"2026-04-13T15:47:41+00:00\" \/>\n<meta name=\"twitter:card\" content=\"summary_large_image\" \/>\n<meta name=\"twitter:label1\" content=\"Dur\u00e9e de lecture estim\u00e9e\" \/>\n\t<meta name=\"twitter:data1\" content=\"1 minute\" \/>\n<script type=\"application\/ld+json\" class=\"yoast-schema-graph\">{\"@context\":\"https:\\\/\\\/schema.org\",\"@graph\":[{\"@type\":\"WebPage\",\"@id\":\"https:\\\/\\\/animauxchics.fr\\\/index.php\\\/mentions-legales\\\/\",\"url\":\"https:\\\/\\\/animauxchics.fr\\\/index.php\\\/mentions-legales\\\/\",\"name\":\"Mentions l\u00e9gales \u2013 Animaux Chics | Toilettage canin\",\"isPartOf\":{\"@id\":\"https:\\\/\\\/animauxchics.fr\\\/#website\"},\"datePublished\":\"2026-01-22T16:44:18+00:00\",\"dateModified\":\"2026-04-13T15:47:41+00:00\",\"description\":\"Informations l\u00e9gales du site Animaux Chics, sp\u00e9cialiste du toilettage canin \u00e0 domicile.\",\"breadcrumb\":{\"@id\":\"https:\\\/\\\/animauxchics.fr\\\/index.php\\\/mentions-legales\\\/#breadcrumb\"},\"inLanguage\":\"fr-FR\",\"potentialAction\":[{\"@type\":\"ReadAction\",\"target\":[\"https:\\\/\\\/animauxchics.fr\\\/index.php\\\/mentions-legales\\\/\"]}]},{\"@type\":\"BreadcrumbList\",\"@id\":\"https:\\\/\\\/animauxchics.fr\\\/index.php\\\/mentions-legales\\\/#breadcrumb\",\"itemListElement\":[{\"@type\":\"ListItem\",\"position\":1,\"name\":\"Accueil\",\"item\":\"https:\\\/\\\/animauxchics.fr\\\/\"},{\"@type\":\"ListItem\",\"position\":2,\"name\":\"Mentions l\u00e9gales\"}]},{\"@type\":\"WebSite\",\"@id\":\"https:\\\/\\\/animauxchics.fr\\\/#website\",\"url\":\"https:\\\/\\\/animauxchics.fr\\\/\",\"name\":\"Animaux Chics\",\"description\":\"\",\"publisher\":{\"@id\":\"https:\\\/\\\/animauxchics.fr\\\/#organization\"},\"potentialAction\":[{\"@type\":\"SearchAction\",\"target\":{\"@type\":\"EntryPoint\",\"urlTemplate\":\"https:\\\/\\\/animauxchics.fr\\\/?s={search_term_string}\"},\"query-input\":{\"@type\":\"PropertyValueSpecification\",\"valueRequired\":true,\"valueName\":\"search_term_string\"}}],\"inLanguage\":\"fr-FR\"},{\"@type\":\"Organization\",\"@id\":\"https:\\\/\\\/animauxchics.fr\\\/#organization\",\"name\":\"Animaux Chics\",\"url\":\"https:\\\/\\\/animauxchics.fr\\\/\",\"logo\":{\"@type\":\"ImageObject\",\"inLanguage\":\"fr-FR\",\"@id\":\"https:\\\/\\\/animauxchics.fr\\\/#\\\/schema\\\/logo\\\/image\\\/\",\"url\":\"https:\\\/\\\/animauxchics.fr\\\/wp-content\\\/uploads\\\/2026\\\/01\\\/cropped-Logo-animaux-chics-VF_rvb-2.png\",\"contentUrl\":\"https:\\\/\\\/animauxchics.fr\\\/wp-content\\\/uploads\\\/2026\\\/01\\\/cropped-Logo-animaux-chics-VF_rvb-2.png\",\"width\":1499,\"height\":1229,\"caption\":\"Animaux Chics\"},\"image\":{\"@id\":\"https:\\\/\\\/animauxchics.fr\\\/#\\\/schema\\\/logo\\\/image\\\/\"}}]}<\/script>\n<!-- \/ Yoast SEO plugin. -->","yoast_head_json":{"title":"Mentions l\u00e9gales \u2013 Animaux Chics | Toilettage canin","description":"Informations l\u00e9gales du site Animaux Chics, sp\u00e9cialiste du toilettage canin \u00e0 domicile.","robots":{"index":"index","follow":"follow","max-snippet":"max-snippet:-1","max-image-preview":"max-image-preview:large","max-video-preview":"max-video-preview:-1"},"canonical":"https:\/\/animauxchics.fr\/index.php\/mentions-legales\/","og_locale":"fr_FR","og_type":"article","og_title":"Mentions l\u00e9gales \u2013 Animaux Chics | Toilettage canin","og_description":"Informations l\u00e9gales du site Animaux Chics, sp\u00e9cialiste du toilettage canin \u00e0 domicile.","og_url":"https:\/\/animauxchics.fr\/index.php\/mentions-legales\/","article_modified_time":"2026-04-13T15:47:41+00:00","twitter_card":"summary_large_image","twitter_misc":{"Dur\u00e9e de lecture estim\u00e9e":"1 minute"},"schema":{"@context":"https:\/\/schema.org","@graph":[{"@type":"WebPage","@id":"https:\/\/animauxchics.fr\/index.php\/mentions-legales\/","url":"https:\/\/animauxchics.fr\/index.php\/mentions-legales\/","name":"Mentions l\u00e9gales \u2013 Animaux Chics | Toilettage canin","isPartOf":{"@id":"https:\/\/animauxchics.fr\/#website"},"datePublished":"2026-01-22T16:44:18+00:00","dateModified":"2026-04-13T15:47:41+00:00","description":"Informations l\u00e9gales du site Animaux Chics, sp\u00e9cialiste du toilettage canin \u00e0 domicile.","breadcrumb":{"@id":"https:\/\/animauxchics.fr\/index.php\/mentions-legales\/#breadcrumb"},"inLanguage":"fr-FR","potentialAction":[{"@type":"ReadAction","target":["https:\/\/animauxchics.fr\/index.php\/mentions-legales\/"]}]},{"@type":"BreadcrumbList","@id":"https:\/\/animauxchics.fr\/index.php\/mentions-legales\/#breadcrumb","itemListElement":[{"@type":"ListItem","position":1,"name":"Accueil","item":"https:\/\/animauxchics.fr\/"},{"@type":"ListItem","position":2,"name":"Mentions l\u00e9gales"}]},{"@type":"WebSite","@id":"https:\/\/animauxchics.fr\/#website","url":"https:\/\/animauxchics.fr\/","name":"Animaux Chics","description":"","publisher":{"@id":"https:\/\/animauxchics.fr\/#organization"},"potentialAction":[{"@type":"SearchAction","target":{"@type":"EntryPoint","urlTemplate":"https:\/\/animauxchics.fr\/?s={search_term_string}"},"query-input":{"@type":"PropertyValueSpecification","valueRequired":true,"valueName":"search_term_string"}}],"inLanguage":"fr-FR"},{"@type":"Organization","@id":"https:\/\/animauxchics.fr\/#organization","name":"Animaux Chics","url":"https:\/\/animauxchics.fr\/","logo":{"@type":"ImageObject","inLanguage":"fr-FR","@id":"https:\/\/animauxchics.fr\/#\/schema\/logo\/image\/","url":"https:\/\/animauxchics.fr\/wp-content\/uploads\/2026\/01\/cropped-Logo-animaux-chics-VF_rvb-2.png","contentUrl":"https:\/\/animauxchics.fr\/wp-content\/uploads\/2026\/01\/cropped-Logo-animaux-chics-VF_rvb-2.png","width":1499,"height":1229,"caption":"Animaux Chics"},"image":{"@id":"https:\/\/animauxchics.fr\/#\/schema\/logo\/image\/"}}]}},"_links":{"self":[{"href":"https:\/\/animauxchics.fr\/index.php\/wp-json\/wp\/v2\/pages\/3","targetHints":{"allow":["GET"]}}],"collection":[{"href":"https:\/\/animauxchics.fr\/index.php\/wp-json\/wp\/v2\/pages"}],"about":[{"href":"https:\/\/animauxchics.fr\/index.php\/wp-json\/wp\/v2\/types\/page"}],"author":[{"embeddable":true,"href":"https:\/\/animauxchics.fr\/index.php\/wp-json\/wp\/v2\/users\/1"}],"replies":[{"embeddable":true,"href":"https:\/\/animauxchics.fr\/index.php\/wp-json\/wp\/v2\/comments?post=3"}],"version-history":[{"count":38,"href":"https:\/\/animauxchics.fr\/index.php\/wp-json\/wp\/v2\/pages\/3\/revisions"}],"predecessor-version":[{"id":933,"href":"https:\/\/animauxchics.fr\/index.php\/wp-json\/wp\/v2\/pages\/3\/revisions\/933"}],"wp:attachment":[{"href":"https:\/\/animauxchics.fr\/index.php\/wp-json\/wp\/v2\/media?parent=3"}],"curies":[{"name":"wp","href":"https:\/\/api.w.org\/{rel}","templated":true}]}}